{"id":125,"date":"2014-09-13T10:33:47","date_gmt":"2014-09-13T09:33:47","guid":{"rendered":"http:\/\/haervejssalt.dk\/?page_id=125"},"modified":"2026-01-26T13:08:15","modified_gmt":"2026-01-26T12:08:15","slug":"velkommen","status":"publish","type":"page","link":"http:\/\/haervejssalt.dk\/da\/","title":{"rendered":"Velkommen"},"content":{"rendered":"<p style=\"text-align: left;\"><a href=\"https:\/\/www.findsmiley.dk\/1506476\"><img loading=\"lazy\" decoding=\"async\" class=\"alignright wp-image-829 size-full\" src=\"http:\/\/haervejssalt.dk\/wp-content\/uploads\/2014\/09\/Banner_gul_99x32.gif\" alt=\"Banner_gul_99x32\" width=\"99\" height=\"32\" srcset=\"http:\/\/haervejssalt.dk\/wp-content\/uploads\/2014\/09\/Banner_gul_99x32.gif 99w, http:\/\/haervejssalt.dk\/wp-content\/uploads\/2014\/09\/Banner_gul_99x32-90x29.gif 90w\" sizes=\"(max-width: 99px) 100vw, 99px\" \/><\/a><\/p>\n<p style=\"text-align: left;\">Hos H\u00e6rvejssalt laves urtesalt af Sydesalt og det har vi gjort siden man begyndte at syde salt, her i Danmark i nyere tid.<br \/>Hvad er sydesalt? -sydesalt er som man lavede salt her i Danmark helt tilbage i Middelalderen og frem til ca. 1800 tallet.<br \/>Dengang havde man havvand i store jernpander og b\u00e5l nedenunder, kunsten for sydemesteren var at holde vandet omkring de 70 grader, hvor vandet sm\u00e5simrede eller sydede. Ved denne temperatur krystallisere saltet p\u00e5 overfladen af vandet, herefter rives saltet sammen og t\u00f8rres i flettede spidskurve.( billede ses nedenfor)<\/p>\n<p style=\"text-align: left;\">N\u00e5r saltet udvindes p\u00e5 denne m\u00e5de f\u00e5r man en kraftig salt med et naturlige indhold af,\u00a0 jod, mineraler og sporstoffer.<br \/>I dag sydes der salt\u00a0 p\u00e5 L\u00e6s\u00f8 og i Mariager.<\/p>\n<figure id=\"attachment_37\" aria-describedby=\"caption-attachment-37\" style=\"width: 224px\" class=\"wp-caption alignnone\"><a href=\"http:\/\/haervejssalt.dk\/wp-content\/uploads\/2013\/11\/IMG_0252-e1392583822863.jpg\"><img loading=\"lazy\" decoding=\"async\" class=\"size-medium wp-image-37\" src=\"http:\/\/haervejssalt.dk\/wp-content\/uploads\/2013\/11\/IMG_0252-e1392583655446-224x300.jpg\" alt=\"Haervejssalt SYDESALT\" width=\"224\" height=\"300\" \/><\/a><figcaption id=\"caption-attachment-37\" class=\"wp-caption-text\">SYDESALT &#8211; R\u00f8gsalt, Br\u00e6ndn\u00e6lde &amp; hvidl\u00f8gssalt, Selleri- Gulerod &amp; timian salt.<\/figcaption><\/figure>\n\n\n<div class=\"wp-block-columns is-layout-flex wp-container-core-columns-layout-1 wp-block-columns-is-layout-flex\">\n<div class=\"wp-block-column is-layout-flow wp-block-column-is-layout-flow\" style=\"flex-basis:50%\"><\/div>\n\n\n\n<div class=\"wp-block-column is-vertically-aligned-center is-layout-flow wp-block-column-is-layout-flow\" style=\"flex-basis:50%\">\n<p><img loading=\"lazy\" decoding=\"async\" width=\"290\" height=\"174\" class=\"wp-image-3424\" style=\"width: 150px;\" src=\"http:\/\/haervejssalt.dk\/wp-content\/uploads\/2024\/10\/Mastercard.png\" alt=\"\" srcset=\"http:\/\/haervejssalt.dk\/wp-content\/uploads\/2024\/10\/Mastercard.png 290w, http:\/\/haervejssalt.dk\/wp-content\/uploads\/2024\/10\/Mastercard-200x120.png 200w\" sizes=\"(max-width: 290px) 100vw, 290px\" \/><\/p>\n\n\n<div class=\"wp-block-image\">\n<figure class=\"alignleft is-resized\"><img loading=\"lazy\" decoding=\"async\" width=\"225\" height=\"225\" src=\"https:\/\/haervejssalt.dk\/wp-content\/uploads\/2024\/10\/visa-dankor.jpg\" alt=\"\" class=\"wp-image-3420\" style=\"width:103px;height:auto\" srcset=\"http:\/\/haervejssalt.dk\/wp-content\/uploads\/2024\/10\/visa-dankor.jpg 225w, http:\/\/haervejssalt.dk\/wp-content\/uploads\/2024\/10\/visa-dankor-150x150.jpg 150w, http:\/\/haervejssalt.dk\/wp-content\/uploads\/2024\/10\/visa-dankor-200x200.jpg 200w, http:\/\/haervejssalt.dk\/wp-content\/uploads\/2024\/10\/visa-dankor-100x100.jpg 100w\" sizes=\"(max-width: 225px) 100vw, 225px\" \/><\/figure><\/div><\/div>\n<\/div>\n","protected":false},"excerpt":{"rendered":"<p>Hos H\u00e6rvejssalt laves urtesalt af Sydesalt og det har vi gjort siden man begyndte at syde salt, her i Danmark i nyere tid.Hvad er sydesalt? -sydesalt er som man lavede salt her i Danmark helt tilbage i Middelalderen og frem til ca. 1800 tallet.Dengang havde man havvand i store jernpander og b\u00e5l nedenunder, kunsten for &hellip; <a href=\"http:\/\/haervejssalt.dk\/da\/\" class=\"more-link\">L\u00e6s videre <span class=\"screen-reader-text\">Velkommen<\/span> <span class=\"meta-nav\">&rarr;<\/span><\/a><\/p>\n","protected":false},"author":1,"featured_media":0,"parent":0,"menu_order":0,"comment_status":"closed","ping_status":"closed","template":"","meta":{"footnotes":""},"_links":{"self":[{"href":"http:\/\/haervejssalt.dk\/da\/wp-json\/wp\/v2\/pages\/125"}],"collection":[{"href":"http:\/\/haervejssalt.dk\/da\/wp-json\/wp\/v2\/pages"}],"about":[{"href":"http:\/\/haervejssalt.dk\/da\/wp-json\/wp\/v2\/types\/page"}],"author":[{"embeddable":true,"href":"http:\/\/haervejssalt.dk\/da\/wp-json\/wp\/v2\/users\/1"}],"replies":[{"embeddable":true,"href":"http:\/\/haervejssalt.dk\/da\/wp-json\/wp\/v2\/comments?post=125"}],"version-history":[{"count":19,"href":"http:\/\/haervejssalt.dk\/da\/wp-json\/wp\/v2\/pages\/125\/revisions"}],"predecessor-version":[{"id":3878,"href":"http:\/\/haervejssalt.dk\/da\/wp-json\/wp\/v2\/pages\/125\/revisions\/3878"}],"wp:attachment":[{"href":"http:\/\/haervejssalt.dk\/da\/wp-json\/wp\/v2\/media?parent=125"}],"curies":[{"name":"wp","href":"https:\/\/api.w.org\/{rel}","templated":true}]}}